{"id":195,"date":"2023-12-07T07:00:48","date_gmt":"2023-12-07T07:00:48","guid":{"rendered":"https:\/\/cosmos-hotels-resorts.ms2.decms.asia\/?page_id=195"},"modified":"2024-01-26T08:01:29","modified_gmt":"2024-01-26T08:01:29","slug":"contact-us","status":"publish","type":"page","link":"https:\/\/www.tw-cosmos.com\/en\/contact-us\/","title":{"rendered":"Contact Us"},"content":{"rendered":"\n                <div class='gf_browser_gecko gform_wrapper' id='gform_wrapper_2' ><form method='post' enctype='multipart\/form-data'  id='gform_2'  action='\/en\/wp-json\/wp\/v2\/pages\/195'>\n                        <div class='gform_body'><ul id='gform_fields_2' class='gform_fields top_label form_sublabel_below description_below'><li id='field_2_7'  class='gfield medium field_sublabel_below field_description_below gfield_visibility_visible' ><label class='gfield_label' for='input_2_7' >Hotel<\/label><div class='ginput_container ginput_container_select'><select name='input_7' id='input_2_7' class='medium gfield_select'    aria-invalid=\"false\"><option value='' selected='selected' class='gf_placeholder'>Please select a hotel<\/option><option value='Cosmos Hotel Taipei' >Cosmos Hotel Taipei<\/option><option value='Taipei Garden Hotel' >Taipei Garden Hotel<\/option><option value='Bee House by Cosmos Creation' >Bee House by Cosmos Creation<\/option><option value='Hua Shan Din by Cosmos Creation' >Hua Shan Din by Cosmos Creation<\/option><option value='Cosmos Banquet at TICC' >Cosmos Banquet at TICC<\/option><option value='Taoyuan Golf &amp; Country Club, Yaward Resort' >Taoyuan Golf &amp; Country Club, Yaward Resort<\/option><option value='Bon Chill Glamping by Cosmos Oasis' >Bon Chill Glamping by Cosmos Oasis<\/option><option value='Sun Dialogue by Cosmos Creation' >Sun Dialogue by Cosmos Creation<\/option><option value='Grand Cosmos Resort Ruisui, Hualien' >Grand Cosmos Resort Ruisui, Hualien<\/option><option value='Voyage Kaohsiung by Cosmos Oasis' >Voyage Kaohsiung by Cosmos Oasis<\/option><option value='Butterfly Valley Resort by Cosmos Oasis' >Butterfly Valley Resort by Cosmos Oasis<\/option><option value='(In Preparation) Xiao Liu Qiu by Cosmos Cosmos Oasis' >(In Preparation) Xiao Liu Qiu by Cosmos Cosmos Oasis<\/option><option value='(In Preparation) La \u00c9l\u00e9gant By Cosmos Boutique' >(In Preparation) La \u00c9l\u00e9gant By Cosmos Boutique<\/option><\/select><\/div><\/li><li id='field_2_1'  class='gfield medium gfield_contains_required field_sublabel_below field_description_below gfield_visibility_visible' ><label class='gfield_label' for='input_2_1' >Name<span class='gfield_required'>*<\/span><\/label><div class='ginput_container ginput_container_text'><input name='input_1' id='input_2_1' type='text' value='' class='medium'     aria-required=\"true\" aria-invalid=\"false\" \/><\/div><\/li><li id='field_2_2'  class='gfield medium gfield_contains_required field_sublabel_below field_description_below gfield_visibility_visible' ><label class='gfield_label' for='input_2_2' >Phone Number<span class='gfield_required'>*<\/span><\/label><div class='ginput_container ginput_container_phone'><input name='input_2' id='input_2_2' type='text' value='' class='medium'   aria-required=\"true\" aria-invalid=\"false\"  \/><\/div><\/li><li id='field_2_3'  class='gfield medium gfield_contains_required field_sublabel_below field_description_below gfield_visibility_visible' ><label class='gfield_label' for='input_2_3' >Email<span class='gfield_required'>*<\/span><\/label><div class='ginput_container ginput_container_email'>\n                            <input name='input_3' id='input_2_3' type='text' value='' class='medium'    aria-required=\"true\" aria-invalid=\"false\" \/>\n                        <\/div><\/li><li id='field_2_4'  class='gfield field_sublabel_below field_description_below gfield_visibility_visible' ><label class='gfield_label' for='input_2_4' >Message<\/label><div class='ginput_container ginput_container_textarea'><textarea name='input_4' id='input_2_4' class='textarea medium'      aria-invalid=\"false\"   rows='10' cols='50'><\/textarea><\/div><\/li><li id='field_2_5'  class='gfield gfield_contains_required field_sublabel_below field_description_below hidden_label gfield_visibility_visible' ><label class='gfield_label'  >Privacy<span class='gfield_required'>*<\/span><\/label><div class='ginput_container ginput_container_checkbox'><ul class='gfield_checkbox' id='input_2_5'><li class='gchoice_2_5_1'>\n\t\t\t\t\t\t\t\t<input name='input_5.1' type='checkbox'  value='I agree to the Terms &amp; Conditions'  id='choice_2_5_1'   \/>\n\t\t\t\t\t\t\t\t<label for='choice_2_5_1' id='label_2_5_1'>I agree to the Terms &amp; Conditions<\/label>\n\t\t\t\t\t\t\t<\/li><\/ul><\/div><\/li><li id='field_2_6'  class='gfield field_sublabel_below field_description_below hidden_label gfield_visibility_visible' ><label class='gfield_label' for='input_2_6' >CAPTCHA<\/label><div id='input_2_6' class='ginput_container ginput_recaptcha' data-sitekey='6LcTMikpAAAAAGomL4tHwr_Tvh2BVZJBnYF7SQsf'  data-theme='light' data-tabindex='-1' data-size='invisible' data-badge='bottomright'><\/div><\/li>\n                            <\/ul><\/div>\n        <div class='gform_footer top_label'> <input type='submit' id='gform_submit_button_2' class='gform_button button' value='Submit'  onclick='if(window[\"gf_submitting_2\"]){return false;}  window[\"gf_submitting_2\"]=true;  ' onkeypress='if( event.keyCode == 13 ){ if(window[\"gf_submitting_2\"]){return false;} window[\"gf_submitting_2\"]=true;  jQuery(\"#gform_2\").trigger(\"submit\",[true]); }' \/> \n            <input type='hidden' class='gform_hidden' name='is_submit_2' value='1' \/>\n            <input type='hidden' class='gform_hidden' name='gform_submit' value='2' \/>\n            \n            <input type='hidden' class='gform_hidden' name='gform_unique_id' value='' \/>\n            <input type='hidden' class='gform_hidden' name='state_2' value='WyJbXSIsIjZjYjA2NzIzM2IxOWViNzNmZmVmMTBjMGNkMWQzMzdhIl0=' \/>\n            <input type='hidden' class='gform_hidden' name='gform_target_page_number_2' id='gform_target_page_number_2' value='0' \/>\n            <input type='hidden' class='gform_hidden' name='gform_source_page_number_2' id='gform_source_page_number_2' value='1' \/>\n            <input type='hidden' name='gform_field_values' value='' \/>\n            \n        <\/div>\n                        <\/form>\n                        <\/div><script type='text\/javascript'> jQuery(document).bind('gform_post_render', function(event, formId, currentPage){if(formId == 2) {if(typeof Placeholders != 'undefined'){\n                        Placeholders.enable();\n                    }} } );jQuery(document).bind('gform_post_conditional_logic', function(event, formId, fields, isInit){} );<\/script><script type='text\/javascript'> jQuery(document).ready(function(){jQuery(document).trigger('gform_post_render', [2, 1]) } ); <\/script>\n","protected":false},"excerpt":{"rendered":"","protected":false},"author":5,"featured_media":313,"parent":0,"menu_order":0,"comment_status":"closed","ping_status":"closed","template":"","meta":{"footnotes":""},"yoast_head":"<!-- This site is optimized with the Yoast SEO plugin v22.3 - https:\/\/yoast.com\/wordpress\/plugins\/seo\/ -->\n<title>Contact Us - The Cosmos Hotels &amp; Resorts<\/title>\n<meta name=\"robots\" content=\"index, follow, max-snippet:-1, max-image-preview:large, max-video-preview:-1\" \/>\n<link rel=\"canonical\" href=\"https:\/\/www.tw-cosmos.com\/en\/contact-us\/\" \/>\n<meta property=\"og:locale\" content=\"en_US\" \/>\n<meta property=\"og:type\" content=\"article\" \/>\n<meta property=\"og:title\" content=\"Contact Us - The Cosmos Hotels &amp; Resorts\" \/>\n<meta property=\"og:url\" content=\"https:\/\/www.tw-cosmos.com\/en\/contact-us\/\" \/>\n<meta property=\"og:site_name\" content=\"The Cosmos Hotels &amp; Resorts\" \/>\n<meta property=\"article:modified_time\" content=\"2024-01-26T08:01:29+00:00\" \/>\n<meta property=\"og:image\" content=\"https:\/\/www.tw-cosmos.com\/wp-content\/uploads\/sites\/30\/2024\/01\/cosmos-logo.jpg\" \/>\n\t<meta property=\"og:image:width\" content=\"515\" \/>\n\t<meta property=\"og:image:height\" content=\"300\" \/>\n\t<meta property=\"og:image:type\" content=\"image\/jpeg\" \/>\n<meta name=\"twitter:card\" content=\"summary_large_image\" \/>\n<script type=\"application\/ld+json\" class=\"yoast-schema-graph\">{\"@context\":\"https:\/\/schema.org\",\"@graph\":[{\"@type\":\"WebPage\",\"@id\":\"https:\/\/www.tw-cosmos.com\/en\/contact-us\/\",\"url\":\"https:\/\/www.tw-cosmos.com\/en\/contact-us\/\",\"name\":\"Contact Us - The Cosmos Hotels &amp; Resorts\",\"isPartOf\":{\"@id\":\"https:\/\/www.tw-cosmos.com\/en\/#website\"},\"primaryImageOfPage\":{\"@id\":\"https:\/\/www.tw-cosmos.com\/en\/contact-us\/#primaryimage\"},\"image\":{\"@id\":\"https:\/\/www.tw-cosmos.com\/en\/contact-us\/#primaryimage\"},\"thumbnailUrl\":\"https:\/\/www.tw-cosmos.com\/wp-content\/uploads\/sites\/30\/2024\/01\/cosmos-logo.jpg\",\"datePublished\":\"2023-12-07T07:00:48+00:00\",\"dateModified\":\"2024-01-26T08:01:29+00:00\",\"breadcrumb\":{\"@id\":\"https:\/\/www.tw-cosmos.com\/en\/contact-us\/#breadcrumb\"},\"inLanguage\":\"en-US\",\"potentialAction\":[{\"@type\":\"ReadAction\",\"target\":[\"https:\/\/www.tw-cosmos.com\/en\/contact-us\/\"]}]},{\"@type\":\"ImageObject\",\"inLanguage\":\"en-US\",\"@id\":\"https:\/\/www.tw-cosmos.com\/en\/contact-us\/#primaryimage\",\"url\":\"https:\/\/www.tw-cosmos.com\/wp-content\/uploads\/sites\/30\/2024\/01\/cosmos-logo.jpg\",\"contentUrl\":\"https:\/\/www.tw-cosmos.com\/wp-content\/uploads\/sites\/30\/2024\/01\/cosmos-logo.jpg\",\"width\":515,\"height\":300},{\"@type\":\"BreadcrumbList\",\"@id\":\"https:\/\/www.tw-cosmos.com\/en\/contact-us\/#breadcrumb\",\"itemListElement\":[{\"@type\":\"ListItem\",\"position\":1,\"name\":\"Home\",\"item\":\"https:\/\/www.tw-cosmos.com\/en\/\"},{\"@type\":\"ListItem\",\"position\":2,\"name\":\"Contact Us\"}]},{\"@type\":\"WebSite\",\"@id\":\"https:\/\/www.tw-cosmos.com\/en\/#website\",\"url\":\"https:\/\/www.tw-cosmos.com\/en\/\",\"name\":\"The Cosmos Hotels &amp; Resorts\",\"description\":\"\",\"potentialAction\":[{\"@type\":\"SearchAction\",\"target\":{\"@type\":\"EntryPoint\",\"urlTemplate\":\"https:\/\/www.tw-cosmos.com\/en\/?s={search_term_string}\"},\"query-input\":\"required name=search_term_string\"}],\"inLanguage\":\"en-US\"}]}<\/script>\n<!-- \/ Yoast SEO plugin. -->","yoast_head_json":{"title":"Contact Us - The Cosmos Hotels &amp; Resorts","robots":{"index":"index","follow":"follow","max-snippet":"max-snippet:-1","max-image-preview":"max-image-preview:large","max-video-preview":"max-video-preview:-1"},"canonical":"https:\/\/www.tw-cosmos.com\/en\/contact-us\/","og_locale":"en_US","og_type":"article","og_title":"Contact Us - The Cosmos Hotels &amp; Resorts","og_url":"https:\/\/www.tw-cosmos.com\/en\/contact-us\/","og_site_name":"The Cosmos Hotels &amp; Resorts","article_modified_time":"2024-01-26T08:01:29+00:00","og_image":[{"width":515,"height":300,"url":"https:\/\/www.tw-cosmos.com\/wp-content\/uploads\/sites\/30\/2024\/01\/cosmos-logo.jpg","type":"image\/jpeg"}],"twitter_card":"summary_large_image","schema":{"@context":"https:\/\/schema.org","@graph":[{"@type":"WebPage","@id":"https:\/\/www.tw-cosmos.com\/en\/contact-us\/","url":"https:\/\/www.tw-cosmos.com\/en\/contact-us\/","name":"Contact Us - The Cosmos Hotels &amp; Resorts","isPartOf":{"@id":"https:\/\/www.tw-cosmos.com\/en\/#website"},"primaryImageOfPage":{"@id":"https:\/\/www.tw-cosmos.com\/en\/contact-us\/#primaryimage"},"image":{"@id":"https:\/\/www.tw-cosmos.com\/en\/contact-us\/#primaryimage"},"thumbnailUrl":"https:\/\/www.tw-cosmos.com\/wp-content\/uploads\/sites\/30\/2024\/01\/cosmos-logo.jpg","datePublished":"2023-12-07T07:00:48+00:00","dateModified":"2024-01-26T08:01:29+00:00","breadcrumb":{"@id":"https:\/\/www.tw-cosmos.com\/en\/contact-us\/#breadcrumb"},"inLanguage":"en-US","potentialAction":[{"@type":"ReadAction","target":["https:\/\/www.tw-cosmos.com\/en\/contact-us\/"]}]},{"@type":"ImageObject","inLanguage":"en-US","@id":"https:\/\/www.tw-cosmos.com\/en\/contact-us\/#primaryimage","url":"https:\/\/www.tw-cosmos.com\/wp-content\/uploads\/sites\/30\/2024\/01\/cosmos-logo.jpg","contentUrl":"https:\/\/www.tw-cosmos.com\/wp-content\/uploads\/sites\/30\/2024\/01\/cosmos-logo.jpg","width":515,"height":300},{"@type":"BreadcrumbList","@id":"https:\/\/www.tw-cosmos.com\/en\/contact-us\/#breadcrumb","itemListElement":[{"@type":"ListItem","position":1,"name":"Home","item":"https:\/\/www.tw-cosmos.com\/en\/"},{"@type":"ListItem","position":2,"name":"Contact Us"}]},{"@type":"WebSite","@id":"https:\/\/www.tw-cosmos.com\/en\/#website","url":"https:\/\/www.tw-cosmos.com\/en\/","name":"The Cosmos Hotels &amp; Resorts","description":"","potentialAction":[{"@type":"SearchAction","target":{"@type":"EntryPoint","urlTemplate":"https:\/\/www.tw-cosmos.com\/en\/?s={search_term_string}"},"query-input":"required name=search_term_string"}],"inLanguage":"en-US"}]}},"acf":[],"_links":{"self":[{"href":"https:\/\/www.tw-cosmos.com\/en\/wp-json\/wp\/v2\/pages\/195"}],"collection":[{"href":"https:\/\/www.tw-cosmos.com\/en\/wp-json\/wp\/v2\/pages"}],"about":[{"href":"https:\/\/www.tw-cosmos.com\/en\/wp-json\/wp\/v2\/types\/page"}],"author":[{"embeddable":true,"href":"https:\/\/www.tw-cosmos.com\/en\/wp-json\/wp\/v2\/users\/5"}],"replies":[{"embeddable":true,"href":"https:\/\/www.tw-cosmos.com\/en\/wp-json\/wp\/v2\/comments?post=195"}],"version-history":[{"count":0,"href":"https:\/\/www.tw-cosmos.com\/en\/wp-json\/wp\/v2\/pages\/195\/revisions"}],"wp:featuredmedia":[{"embeddable":true,"href":"https:\/\/www.tw-cosmos.com\/en\/wp-json\/wp\/v2\/media\/313"}],"wp:attachment":[{"href":"https:\/\/www.tw-cosmos.com\/en\/wp-json\/wp\/v2\/media?parent=195"}],"curies":[{"name":"wp","href":"https:\/\/api.w.org\/{rel}","templated":true}]}}